{"id":1266,"date":"2019-02-25T14:26:02","date_gmt":"2019-02-25T17:26:02","guid":{"rendered":"http:\/\/10.44.205.4\/wp\/ionut\/colibri_pro_movers\/?page_id=3"},"modified":"2025-03-06T07:14:36","modified_gmt":"2025-03-06T10:14:36","slug":"condizioni-di-utilizzo-e-informativa-sulla-privacy","status":"publish","type":"page","link":"https:\/\/petprimenutrition.it\/?page_id=1266","title":{"rendered":"Condizioni di Utilizzo e Informativa sulla Privacy"},"content":{"rendered":"<div data-colibri-id=\"1266-c1\" class=\"style-1004 style-local-1266-c1 position-relative\">\n  <!---->\n  <div data-colibri-component=\"section\" data-colibri-id=\"1266-c2\" id=\"initial-content\" class=\"h-section h-section-global-spacing d-flex align-items-lg-center align-items-md-center align-items-center style-1005 style-local-1266-c2 position-relative\">\n    <!---->\n    <!---->\n    <div class=\"h-section-grid-container h-section-boxed-container\">\n      <!---->\n      <div data-colibri-id=\"1266-c3\" class=\"h-row-container gutters-row-lg-2 gutters-row-md-2 gutters-row-0 gutters-row-v-lg-2 gutters-row-v-md-2 gutters-row-v-2 style-1006 style-local-1266-c3 position-relative\">\n        <!---->\n        <div class=\"h-row justify-content-lg-center justify-content-md-center justify-content-center align-items-lg-stretch align-items-md-stretch align-items-stretch gutters-col-lg-2 gutters-col-md-2 gutters-col-0 gutters-col-v-lg-2 gutters-col-v-md-2 gutters-col-v-2\">\n          <!---->\n          <div class=\"h-column h-column-container d-flex h-col-lg-auto h-col-md-auto h-col-auto style-1007-outer style-local-1266-c4-outer\">\n            <div data-colibri-id=\"1266-c4\" class=\"d-flex h-flex-basis h-column__inner h-px-lg-2 h-px-md-2 h-px-2 v-inner-lg-2 v-inner-md-2 v-inner-2 style-1007 style-local-1266-c4 position-relative\">\n              <!---->\n              <!---->\n              <div class=\"w-100 h-y-container h-column__content h-column__v-align flex-basis-100 align-self-lg-start align-self-md-start align-self-start\">\n                <!---->\n                <div data-colibri-id=\"1266-c5\" class=\"h-text h-text-component style-1010 style-local-1266-c5 position-relative h-element\">\n                  <!---->\n                  <!---->\n                  <div class=\"\">\n                    <p><strong>TERMOS DE USO E POL\u00cdTICA DE PRIVACIDADE<\/strong><\/p>\n                    <p><span style=\"font-weight: 600;\">Condizioni di utilizzo<\/span><\/p>\n                    <p><span style=\"font-weight: 600;\">petprimenutrition.it<\/span> \u00e8 un sito web progettato per fornire informazioni sull&#8217;alimentazione per i proprietari di cani e gatti.<\/p>\n                    <p>Visitando questo sito per ottenere informazioni e\/o acquistare qualcosa, l&#8217;utente utilizza i nostri \u201cServizi\u201d. Di conseguenza, l&#8217;utente accetta integralmente i seguenti termini e condizioni (\u201cTermini del servizio\u201d, \u201cTermini\u201d), compresi\n                      i termini e le condizioni indicati nell&#8217;informativa sulla privacy, menzionati nel presente documento e\/o disponibili tramite collegamento ipertestuale. I presenti Termini di servizio si applicano a tutti gli utenti del sito, compresi,\n                      a titolo esemplificativo, gli utenti che si limitano a visitare il sito, gli utenti che desiderano ottenere informazioni, i fornitori, i clienti, i negozianti e\/o i creatori di contenuti.<\/p>\n                    <p>Si consiglia pertanto di leggere attentamente il presente documento \u201cTermini di servizio\u201d prima di accedere o utilizzare il nostro sito web. Accedendo o utilizzando qualsiasi parte del sito, l&#8217;utente accetta implicitamente e integralmente\n                      i \u201cTermini di servizio\u201d.<\/p>\n                    <p>Ci riserviamo il diritto di aggiornare, modificare o cambiare qualsiasi parte dei presenti Termini di servizio pubblicando aggiornamenti e\/o modifiche sul nostro sito web.<\/p>\n                    <p><span style=\"font-weight: 600;\">Accettazione dei termini<\/span><\/p>\n                    <p>Accettate di non riprodurre, duplicare, copiare, vendere, rivendere o sfruttare qualsiasi parte del Servizio, l&#8217;uso del Servizio, l&#8217;accesso al Servizio o qualsiasi contatto sul sito web attraverso il quale viene fornito il Servizio,\n                      senza il nostro esplicito permesso scritto.L&#8217;utente non deve utilizzare i nostri prodotti per scopi illegali o non autorizzati. L&#8217;utente non pu\u00f2 inoltre, utilizzando il Servizio, violare le leggi vigenti nella propria giurisdizione\n                      (incluse, ma non solo, le leggi sul copyright).<\/p>\n                    <p>Il sito contiene ricette. Si ricorda che i minori che preparano i cibi devono essere accompagnati da un genitore o da un tutore. Utilizzando il sito, l&#8217;utente dichiara di essere in pieno possesso delle proprie facolt\u00e0 mentali e di\n                      accettare incondizionatamente tutti i Termini del Servizio.<\/p>\n                    <p><span style=\"font-weight: 600;\">Accuratezza, completezza e aggiornamento delle informazioni<\/span><\/p>\n                    <p>Sebbene le informazioni contenute nel sito siano state preparate o riviste da veterinari e\/o Specialisti, non possono essere considerate come consigli, cure cliniche o assistenza tecnica di alcun tipo, n\u00e9 devono essere utilizzate come\n                      sostituto della consultazione con i veterinari.<\/p>\n                    <p>Il materiale contenuto in questo sito \u00e8 fornito solo a scopo informativo e non deve essere utilizzato come unica base per prendere decisioni senza consultare fonti di informazione primarie, pi\u00f9 accurate, pi\u00f9 complete o pi\u00f9 aggiornate.\n                      L&#8217;utilizzo del materiale contenuto in questo sito avviene a proprio rischio e pericolo.<\/p>\n                    <p>Questo sito pu\u00f2 contenere alcune informazioni storiche, che potrebbero quindi non essere aggiornate e sono fornite solo come riferimento. Ci riserviamo il diritto di modificare il contenuto di questo sito in qualsiasi momento, tuttavia\n                      non abbiamo l&#8217;obbligo di aggiornare le informazioni presenti sul nostro sito. L&#8217;utente accetta che \u00e8 sua responsabilit\u00e0 osservare sempre le modifiche apportate al nostro sito.<\/p>\n                    <p><span style=\"font-weight: 600;\">Propriet\u00e0 intellettuale &#8211; Copyright\u00a9<\/span><\/p>\n                    <p>Tutti i contenuti presenti in questo sito sono protetti da copyright o da altri diritti di propriet\u00e0 intellettuale.<\/p>\n                    <p>La riproduzione, la copia e\/o la distribuzione, totale o parziale, delle informazioni, dei documenti, delle immagini o di qualsiasi testo contenuto in questo sito non \u00e8 consentita senza previa autorizzazione formale.<\/p>\n                    <p>Tutte le informazioni contenute nel sito sono protette dalle leggi sulla propriet\u00e0 intellettuale, in particolare dalla Legge n. 9.610\/1998.<\/p>\n                  <\/div>\n                <\/div>\n                <div data-colibri-id=\"1266-c6\" class=\"h-text h-text-component style-1009 style-local-1266-c6 position-relative h-element\">\n                  <!---->\n                  <!---->\n                  <div class=\"\">\n                    <p><strong style=\"font-weight: 700;\">Informativa sulla privacy<\/strong><\/p>\n                    <p>Il dominio petprimenutriton.it \u00e8 mantenuto e gestito da PROJJETO PRESTA\u00c7\u00c3O DE SERVI\u00c7OS LTDA per fornire informazioni sull&#8217;alimentazione animale, sui prodotti e sui servizi.<\/p>\n                    <p>L&#8217;Informativa sulla privacy del sito web PETSMENU \u00e8 stata creata per dimostrare il nostro impegno a proteggere la privacy e i dati personali degli utenti, ai sensi della Legge generale sulla protezione dei dati e di altre leggi in\n                      vigore in materia, oltre a descrivere le modalit\u00e0 di protezione della privacy e di archiviazione dei dati personali.<\/p>\n                    <p><strong style=\"font-weight: 700;\">Aggiornamento: agosto 2023<\/strong><\/p>\n                    <p><span style=\"font-weight: 600;\">1 &#8211; Cosa viene memorizzato su di voi<\/span><\/p>\n                    <p>PROJJETO \u00e8 il proprietario e il controllore del sito web del dominio petprimenutrition.it.<\/p>\n                    <p>Quando navigate sul nostro sito web, i COOKIE vengono memorizzati per memorizzare le vostre preferenze, sia per una singola visita (utilizzando un \u201ccookie di sessione\u201d) sia per diverse visite ripetute (utilizzando \u201cCOOKIE persistenti\u201d).\n                      I COOKIE garantiscono una migliore esperienza ai visitatori.<\/p>\n                    <p>Prima di accedere per la prima volta alla nostra piattaforma digitale, vi chiederemo di acconsentire all&#8217;uso dei cookie che non sono classificati come essenziali per la fornitura del nostro sito web.<\/p>\n                    <p>Durante la navigazione, vengono memorizzati i dati relativi alla visita, come l&#8217;indirizzo IP, la versione del sistema operativo e il browser. Questi dati vengono rilevati solo ai fini delle statistiche sui visitatori da strumenti come\n                      Google Analytics\u00ae.<\/p>\n                    <p>Nessun dato personale viene acquisito durante la navigazione, tranne quando i dati vengono forniti per la registrazione, in particolare nelle schermate di registrazione online, per scopi di contatto e\/o per ottenere ulteriori informazioni,\n                      e-book, notizie o altre informazioni sui nostri prodotti o servizi; pertanto, navigando si riconosce e si accetta l&#8217;uso dei cookie e la memorizzazione delle informazioni di navigazione per scopi statistici.<\/p>\n                    <p>I visitatori possono opporsi alla registrazione dei cookie da parte del sito disattivando questa opzione nel loro browser. Tuttavia, la disattivazione dei cookie pu\u00f2 compromettere la disponibilit\u00e0 di alcuni strumenti e funzionalit\u00e0\n                      del sito, pregiudicandone il corretto e previsto funzionamento. Un&#8217;altra possibile conseguenza \u00e8 la rimozione delle preferenze dell&#8217;utente eventualmente salvate, compromettendo l&#8217;esperienza dell&#8217;utente nella navigazione del sito.<\/p>\n                    <p><strong>2 \u2013 <\/strong><span style=\"font-weight: 600;\">Informazioni sulla &#8220;registrazione online&#8221;<\/span><\/p>\n                    <p>Il registro \u201con-line\u201d viene utilizzato per richiedere informazioni sui prodotti, sui prodotti e anche per richiedere informazioni. Il registro chiede solo i dati di contatto come nome, indirizzo e-mail e numero di telefono. Dati come\n                      CPF, indirizzo e altre informazioni sensibili non vengono raccolti O richiesti.<\/p>\n                    <p>La raccolta e l&#8217;utilizzo di dati personali sensibili avverr\u00e0 solo con il consenso specifico dell&#8217;interessato al momento dell&#8217;inserimento dei dati nel modulo, pertanto compilando i moduli di registrazione \u201con-line\u201d il visitatore autorizza\n                      ed \u00e8 consapevole di poter ricevere informazioni e contatti con i mezzi di cui \u00e8 stato informato.<\/p>\n                    <p><span style=\"font-weight: 600;\">3. Perch\u00e9 abbiamo bisogno di questi dati?<\/span><\/p>\n                    <p>Non raccoglieremo mai dati personali non necessari e non tratteremo le vostre informazioni in modi diversi da quelli specificati nella presente informativa.<\/p>\n                    <p>Abbiamo bisogno dei vostri dati personali per fornire i seguenti servizi:<\/p>\n                    <ol>\n                      <li>Invio di informazioni attraverso documenti come libri elettronici (e-Books)<\/li>\n                      <li>Inviarvi notizie che potrebbero interessarvi, come ad esempio nuovi eventi;<\/li>\n                      <li>Adempiere agli obblighi di legge<\/li>\n                      <li>Per fornire informazioni; e<\/li>\n                      <li>Per la vendita di prodotti (e-Commerce).<\/li>\n                    <\/ol>\n                    <p><span style=\"font-weight: 600;\">4 &#8211; Cosa facciamo con i vostri dati<\/span><\/p>\n                    <p>I dati personali dell&#8217;Utente sono trattati in Italia. Quando l&#8217;Utente compila il modulo offerto da PROJJETO sul sito web che gestisce, i Dati Personali richiesti saranno mantenuti riservati e saranno utilizzati solo per lo scopo che\n                      ha motivato la registrazione.<\/p>\n                    <p><strong>5 \u2013 Condivisione dei Dati de dados<\/strong><\/p>\n                    <p>PROJJETO non condivide i vostri dati personali.<\/p>\n                    <p>\u00c8 importante notare che i vostri dati non saranno condivisi con altre aziende, vale a dire che nessun fornitore terzo avr\u00e0 accesso ai vostri dati, a meno che: (i) sia richiesto da un&#8217;autorit\u00e0 competente; (i) quando sia stato stabilito\n                      giudizialmente o amministrativamente; (iii) in caso di adempimento di un obbligo legale; o (iv) quando sia necessario per la fornitura dei servizi contrattuali, previa comunicazione.<\/p>\n                    <p><strong>6 \u2013 Il tuo diritto di non partecipare. <\/strong><\/p>\n                    <p>Se ritenete che i dati personali da voi forniti siano errati o incompleti, avete il diritto di modificarli, di correggerli o di farli cancellare se non desiderate pi\u00f9 ricevere informazioni, in conformit\u00e0 alla Normativa e Provvedimenti\n                      &#8211; GDPR.&nbsp;<\/p>\n                    <p><strong>7 &#8211; GDPR \u2013 Data Protection Officer<\/strong><\/p>\n                    <p>Se desiderate maggiori informazioni sul trattamento dei vostri dati, per richiedere la cancellazione della vostra registrazione o per presentare un reclamo sul modo in cui trattiamo i vostri dati personali, siete pregati di contattare\n                      il Responsabile della protezione dei dati via e-mail: dpo@projjeto.com.<\/p>\n                    <p><strong>7 \u2013 Per quanto tempo conserviamo i tuoi dati personali <\/strong><\/p>\n                    <p>Conserviamo i tuoi dati personali solo per il tempo necessario a raggiungere gli scopi prefissati e abbiamo adottato politiche di revisione e conservazione rigorose per adempiere a tali obblighi.<\/p>\n                    <p>I dati personali in nostro possesso per le notifiche di marketing e gli aggiornamenti dei servizi saranno conservati fino a quando non ci verr\u00e0 comunicato che l&#8217;utente non desidera pi\u00f9 ricevere tali informazioni. Se l&#8217;utente richiede\n                      l&#8217;eliminazione\/annullamento della propria registrazione, i suoi dati personali saranno distrutti in modo irreversibile.<\/p>\n                    <p><strong>8 \u2013 Misure di protezione dei dati <\/strong><\/p>\n                    <p>Prendiamo sul serio la privacy e adottiamo tutte le misure e le precauzioni ragionevoli per proteggere i vostri dati personali. La nostra azienda non memorizza dati bancari, password o altre informazioni sensibili, ad eccezione dei\n                      dati forniti nei moduli di registrazione per ulteriori informazioni.<\/p>\n                    <p>Manteniamo processi e sistemi per proteggere i vostri dati personali da usi impropri, accessi non autorizzati, divulgazione a terzi, alterazioni accidentali o illegali.<\/p>\n                    <p><strong>9 \u2013 Responsabile della protezione dei dati&nbsp;<\/strong><\/p>\n                    <p>Il responsabile della protezione dei dati (DPO) \u00e8 il professionista incaricato di verificare che le politiche aziendali siano in linea con le leggi che proteggono i dati personali, per i processi di elaborazione e protezione delle\n                      informazioni e dei dati, nonch\u00e9 per il controllo delle politiche di accesso, ai sensi della GDPR. Il DPO di PROJJETO pu\u00f2 essere contattato all&#8217;indirizzo: dpo@projjeto.com<\/p>\n                    <p><strong>10 \u2013 Modifiche alla presente Politica <\/strong><\/p>\n                    <p>Ci riserviamo il diritto di modificare queste regole in qualsiasi momento, in particolare per adattarle a eventuali cambiamenti di norme e leggi, miglioramenti e modifiche apportate al nostro sito web, rendendo disponibili nuove funzionalit\u00e0\n                      o eliminando o modificando quelle esistenti.<\/p>\n                    <p>\n                      <br>\n                    <\/p>\n                  <\/div>\n                <\/div>\n              <\/div>\n            <\/div>\n          <\/div>\n        <\/div>\n      <\/div>\n    <\/div>\n  <\/div>\n<\/div>","protected":false},"excerpt":{"rendered":"<p>TERMOS DE USO E POL\u00cdTICA DE PRIVACIDADE Condizioni di utilizzo petprimenutrition.it \u00e8 un sito web progettato per fornire informazioni sull&#8217;alimentazione per i proprietari di cani e gatti. Visitando questo sito per ottenere informazioni e\/o acquistare qualcosa, l&#8217;utente utilizza i nostri \u201cServizi\u201d. Di conseguenza, l&#8217;utente accetta integralmente i seguenti termini e condizioni (\u201cTermini del servizio\u201d, \u201cTermini\u201d), [&hellip;]<\/p>\n","protected":false},"author":1,"featured_media":0,"parent":0,"menu_order":0,"comment_status":"closed","ping_status":"closed","template":"page-templates\/full-width-page.php","meta":{"footnotes":""},"class_list":["post-1266","page","type-page","status-publish","hentry"],"_links":{"self":[{"href":"https:\/\/petprimenutrition.it\/index.php?rest_route=\/wp\/v2\/pages\/1266","targetHints":{"allow":["GET"]}}],"collection":[{"href":"https:\/\/petprimenutrition.it\/index.php?rest_route=\/wp\/v2\/pages"}],"about":[{"href":"https:\/\/petprimenutrition.it\/index.php?rest_route=\/wp\/v2\/types\/page"}],"author":[{"embeddable":true,"href":"https:\/\/petprimenutrition.it\/index.php?rest_route=\/wp\/v2\/users\/1"}],"replies":[{"embeddable":true,"href":"https:\/\/petprimenutrition.it\/index.php?rest_route=%2Fwp%2Fv2%2Fcomments&post=1266"}],"version-history":[{"count":11,"href":"https:\/\/petprimenutrition.it\/index.php?rest_route=\/wp\/v2\/pages\/1266\/revisions"}],"predecessor-version":[{"id":11874,"href":"https:\/\/petprimenutrition.it\/index.php?rest_route=\/wp\/v2\/pages\/1266\/revisions\/11874"}],"wp:attachment":[{"href":"https:\/\/petprimenutrition.it\/index.php?rest_route=%2Fwp%2Fv2%2Fmedia&parent=1266"}],"curies":[{"name":"wp","href":"https:\/\/api.w.org\/{rel}","templated":true}]}}